
{"id":1071,"date":"2025-06-06T10:14:00","date_gmt":"2025-06-06T08:14:00","guid":{"rendered":"https:\/\/valvespumpsexpo.com\/?page_id=1071"},"modified":"2025-06-06T10:14:00","modified_gmt":"2025-06-06T08:14:00","slug":"conference-2025","status":"publish","type":"page","link":"https:\/\/valvespumpsexpo.com\/en\/conference-2025\/","title":{"rendered":"Conference 2025"},"content":{"rendered":"<div class=\"wpb-content-wrapper\"><p>[vc_row row_height_percent=&#8221;0&#8243; overlay_alpha=&#8221;50&#8243; gutter_size=&#8221;3&#8243; column_width_percent=&#8221;100&#8243; shift_y=&#8221;0&#8243; z_index=&#8221;0&#8243; uncode_shortcode_id=&#8221;559790&#8243; row_name=&#8221;program&#8221;][vc_column width=&#8221;1\/1&#8243;]<div id=\"conference-cap\" class=\"conference_cap__main-container\"><div class=\"conference_cap__conf-slug-navigation\">\r\n                        <style>\r\n                            .post-body .konferencja {\r\n                                display: none;\r\n                            }\r\n                        <\/style><img decoding=\"async\" src=\"https:\/\/valvespumpsexpo.com\/wp-content\/uploads\/2025\/04\/ceremonia_EN.webp\" alt=\"medale\" id=\"nav_medale\" class=\"conference_cap__conf-slug-img manual-conference\"><img decoding=\"async\" src=\"https:\/\/cap.warsawexpo.eu\/public\/uploads\/conf\/valves-panel-2025\/conf_img_en.webp\" alt=\"valves-panel-2025\" id=\"nav_valves-panel-2025\" class=\"conference_cap__conf-slug-img\"><\/div><div class=\"conference_cap__more-coming-soon\">More events coming soon<\/div><div class=\"conference_cap__conf-slugs-container\"><div id=\"conf_valves-panel-2025\" class=\"conference_cap__conf-slug\"><div class=\"conference_cap__conf-slug-header\">\r\n                                <img decoding=\"async\" src=\"https:\/\/cap.warsawexpo.eu\/public\/uploads\/conf\/valves-panel-2025\/conf_img_en.webp\" alt=\"Trends Panel and Presentations of Exibitors\" class=\"conference_cap__conf-slug-image\">\r\n                                <div class=\"conference_cap__after-header-html\"><\/div>\r\n                                <div class=\"conference_cap__after-patrons-html\"><\/div>\r\n                                <h2 class=\"conference_cap__conf-slug-location\">Exhibition Studio <br> Hall E<\/h2>\r\n                                <div class=\"conference_cap__after-location-html\"><\/div>\r\n                                <h2 class=\"conference_cap__conf-slug-title\">Trends Panel and Presentations of Exibitors<\/h2>\r\n                                <div class=\"conference_cap__after-title-html\"><\/div>\r\n                                <div class=\"conference_cap__conf-button\">\r\n                                    <a href=\"\/en\/registration\/\">Receive a free ticket<\/a>\r\n                                <\/div><\/div><div class=\"conference_cap__conf-slug-navigation-days\"><button id=\"tab_valves-panel-2025_day-1\" class=\"conference_cap__conf-slug-navigation-day\">June 4, 2025<\/button><\/div><div class=\"conference_cap__conf-slug-contents\">\r\n                                        <div id=\"content_valves-panel-2025_day-1\" class=\"conference_cap__conf-slug-content\">\r\n                                            <div class=\"conference_cap__before-day-html\"><\/div>\r\n                                                <div class=\"conference_cap__lecture-container\"><div id=\"valves-panel-2025_day-1_pre-1\" class=\"conference_cap__lecture-box\"><div class=\"conference_cap__lecture-speaker\"><div class=\"conference_cap__lecture-speaker-img\"><div class=\"pwe-box-speakers-img\"><img decoding=\"async\" class=\"pwe-box-speaker\" src=\"https:\/\/cap.warsawexpo.eu\/public\/uploads\/conf\/valves-panel-2025\/Robert-Struzynski-1.webp?v=1748601091641\" alt=\"speaker portrait\"\r\n                    style=\"position:relative; z-index:1; top:-20px; left:10px; max-width: 50%;margin-top: 20px;\" \/><img decoding=\"async\" class=\"pwe-box-speaker\" src=\"https:\/\/cap.warsawexpo.eu\/public\/uploads\/conf\/valves-panel-2025\/Damian-Sarecki-1.webp?v=1748601098866\" alt=\"speaker portrait\"\r\n                    style=\"position:relative; z-index:2; top:0; left:-10px; max-width: 50%;;\" \/><\/div><\/div><button class=\"conference_cap__lecture-speaker-btn\" data-lecture-id=\"valves-panel-2025_day-1_pre-1\">BIO<\/button><\/div>\r\n                     <div class=\"conference_cap__lecture-box-info\">\r\n                        <h4 class=\"conference_cap__lecture-time\">11:30 - 12:00<\/h4><h5 class=\"conference_cap__lecture-name\">Angst+Pfister - Robert Stru\u017cy\u0144ski<br>Angst+Pfister - Damian Sarecki<\/h5><h4 class=\"conference_cap__lecture-title\"> Modern sealing technologies in pumps and valves - durability, efficiency, safety.<\/h4>\r\n                        <div class=\"conference_cap__lecture-desc\"><p><\/p>\r\n                        <\/div>\r\n                    <\/div>\r\n                <\/div><div id=\"valves-panel-2025_day-1_pre-2\" class=\"conference_cap__lecture-box\"><div class=\"conference_cap__lecture-speaker\"><div class=\"conference_cap__lecture-speaker-img\"><div class=\"pwe-box-speakers-img\"><img decoding=\"async\" class=\"pwe-box-speaker\" src=\"https:\/\/cap.warsawexpo.eu\/public\/uploads\/conf\/valves-panel-2025\/Robert%20Wojtynek.webp?v=1748599675287\" alt=\"speaker portrait\"\r\n                    style=\"position:relative; z-index:1; top:unset; left:unset; max-width: 80%;;\" \/><\/div><\/div><button class=\"conference_cap__lecture-speaker-btn\" data-lecture-id=\"valves-panel-2025_day-1_pre-2\">BIO<\/button><\/div>\r\n                     <div class=\"conference_cap__lecture-box-info\">\r\n                        <h4 class=\"conference_cap__lecture-time\">12:00 - 12:30<\/h4><h5 class=\"conference_cap__lecture-name\">Zetkama - Robert Wojtynek<\/h5><h4 class=\"conference_cap__lecture-title\">Zetkama safety valves in the service and operation reliability of plant operation.<\/h4>\r\n                        <div class=\"conference_cap__lecture-desc\"><p><\/p>\r\n                        <\/div>\r\n                    <\/div>\r\n                <\/div><div id=\"valves-panel-2025_day-1_pre-3\" class=\"conference_cap__lecture-box\"><div class=\"conference_cap__lecture-speaker\"><div class=\"conference_cap__lecture-speaker-img\"><div class=\"pwe-box-speakers-img\"><img decoding=\"async\" class=\"pwe-box-speaker\" src=\"https:\/\/cap.warsawexpo.eu\/public\/uploads\/conf\/valves-panel-2025\/Micha\u0142%20\u0141ab\u0119dzki.webp?v=1748599685081\" alt=\"speaker portrait\"\r\n                    style=\"position:relative; z-index:1; top:unset; left:unset; max-width: 80%;;\" \/><\/div><\/div><button class=\"conference_cap__lecture-speaker-btn\" data-lecture-id=\"valves-panel-2025_day-1_pre-3\">BIO<\/button><\/div>\r\n                     <div class=\"conference_cap__lecture-box-info\">\r\n                        <h4 class=\"conference_cap__lecture-time\">12:30 - 13:00<\/h4><h5 class=\"conference_cap__lecture-name\">ARI-Armaturen \u00b7 Albert Richter GmbH &amp; Co. KG - Micha\u0142 \u0141ab\u0119dzki<\/h5><h4 class=\"conference_cap__lecture-title\">ARI Armaturen - production program, news and innovations.<\/h4>\r\n                        <div class=\"conference_cap__lecture-desc\"><p><\/p>\r\n                        <\/div>\r\n                    <\/div>\r\n                <\/div><\/div>\r\n                                            <div class=\"conference_cap__after-day-html\"><\/div><\/div><\/div><div class=\"conference_cap__after-all-html\"><\/div><\/div><\/div><\/div>[\/vc_column][\/vc_row][vc_section overlay_alpha=&#8221;50&#8243; uncode_shortcode_id=&#8221;221516&#8243; el_id=&#8221;medale&#8221; el_class=&#8221;konferencja&#8221;][vc_row row_height_percent=&#8221;0&#8243; overlay_alpha=&#8221;50&#8243; gutter_size=&#8221;3&#8243; column_width_percent=&#8221;100&#8243; shift_y=&#8221;0&#8243; z_index=&#8221;0&#8243; uncode_shortcode_id=&#8221;748478&#8243;][vc_column column_width_percent=&#8221;100&#8243; align_horizontal=&#8221;align_center&#8221; gutter_size=&#8221;3&#8243; overlay_alpha=&#8221;50&#8243; shift_x=&#8221;0&#8243; shift_y=&#8221;0&#8243; shift_y_down=&#8221;0&#8243; z_index=&#8221;0&#8243; medium_width=&#8221;0&#8243; mobile_width=&#8221;0&#8243; width=&#8221;1\/1&#8243; uncode_shortcode_id=&#8221;326494&#8243;][vc_row_inner row_inner_height_percent=&#8221;0&#8243; overlay_alpha=&#8221;50&#8243; gutter_size=&#8221;3&#8243; shift_y=&#8221;0&#8243; z_index=&#8221;0&#8243; uncode_shortcode_id=&#8221;268538&#8243;][vc_column_inner column_width_percent=&#8221;100&#8243; align_horizontal=&#8221;align_center&#8221; gutter_size=&#8221;3&#8243; back_color=&#8221;color-gyho&#8221; overlay_alpha=&#8221;50&#8243; shift_x=&#8221;0&#8243; shift_y=&#8221;0&#8243; shift_y_down=&#8221;0&#8243; z_index=&#8221;0&#8243; medium_width=&#8221;0&#8243; mobile_width=&#8221;0&#8243; width=&#8221;1\/1&#8243; uncode_shortcode_id=&#8221;836719&#8243; back_color_type=&#8221;uncode-palette&#8221; el_class=&#8221;custom-kafelek-medal&#8221;][vc_custom_heading heading_semantic=&#8221;h3&#8243; text_size=&#8221;h3&#8243; uncode_shortcode_id=&#8221;935401&#8243;]Trade Fair Medal Ceremony[\/vc_custom_heading][\/vc_column_inner][\/vc_row_inner][vc_row_inner row_inner_height_percent=&#8221;0&#8243; overlay_alpha=&#8221;50&#8243; gutter_size=&#8221;3&#8243; shift_y=&#8221;0&#8243; z_index=&#8221;0&#8243; uncode_shortcode_id=&#8221;967026&#8243;][vc_column_inner column_width_percent=&#8221;100&#8243; position_vertical=&#8221;middle&#8221; align_horizontal=&#8221;align_center&#8221; gutter_size=&#8221;3&#8243; back_color=&#8221;color-gyho&#8221; overlay_alpha=&#8221;50&#8243; shift_x=&#8221;0&#8243; shift_y=&#8221;0&#8243; shift_y_down=&#8221;0&#8243; z_index=&#8221;0&#8243; medium_width=&#8221;0&#8243; mobile_width=&#8221;0&#8243; width=&#8221;1\/2&#8243; uncode_shortcode_id=&#8221;212921&#8243; back_color_type=&#8221;uncode-palette&#8221; el_class=&#8221;custom-kafelek-medal&#8221;][vc_custom_heading heading_semantic=&#8221;h3&#8243; text_size=&#8221;h3&#8243; uncode_shortcode_id=&#8221;776595&#8243;]Date[\/vc_custom_heading][vc_column_text text_lead=&#8221;yes&#8221; uncode_shortcode_id=&#8221;427429&#8243;]June 4<br \/>\n14:00[\/vc_column_text][\/vc_column_inner][vc_column_inner column_width_percent=&#8221;100&#8243; position_vertical=&#8221;middle&#8221; align_horizontal=&#8221;align_center&#8221; gutter_size=&#8221;3&#8243; expand_height=&#8221;yes&#8221; overlay_alpha=&#8221;50&#8243; shift_x=&#8221;0&#8243; shift_y=&#8221;0&#8243; shift_y_down=&#8221;0&#8243; z_index=&#8221;0&#8243; medium_width=&#8221;0&#8243; mobile_width=&#8221;0&#8243; width=&#8221;1\/2&#8243; uncode_shortcode_id=&#8221;210751&#8243; el_class=&#8221;custom-kafelek-medal&#8221;][vc_custom_heading heading_semantic=&#8221;h3&#8243; text_size=&#8221;h3&#8243; uncode_shortcode_id=&#8221;181843&#8243;]Location[\/vc_custom_heading][vc_column_text text_lead=&#8221;yes&#8221; uncode_shortcode_id=&#8221;129339&#8243;]Hall E<br \/>\nTrade Fair Studio[\/vc_column_text][\/vc_column_inner][\/vc_row_inner][vc_raw_html]JTNDc3R5bGUlM0UlMEElM0Fyb290JTdCJTBBJTIwJTIwJTIwJTIwLS1ha2NlbnQtY29sb3IlM0ElMjAlMjMwMDQzYWUlM0IlMEElN0QlMEElMjNtZWRhbGUlMjAuY3VzdG9tLWthZmVsZWstbWVkYWwlMjAudW5jZWxsJTdCJTBBJTIwJTIwJTIwJTIwcGFkZGluZyUzQSUyMDZweCUzQiUwQSUyMCUyMCUyMCUyMGJhY2tncm91bmQlM0ElMjAlMjNlYWVhZWElM0IlMEElMjAlMjAlMjAlMjBib3JkZXItcmFkaXVzJTNBJTIwMTJweCUzQiUwQSU3RCUwQSUyM21lZGFsZSUyMC5jdXN0b20ta2FmZWxlay1tZWRhbCUyMC51bmNvbnQlMjAlN0IlMEElMkYlMkFib3JkZXIlM0ElMjAycHglMjBzb2xpZCUyMHZhciUyOC0tYWtjZW50LWNvbG9yJTI5JTIwJTIxaW1wb3J0YW50JTNCJTIwJTJBJTJGJTBBYm9yZGVyLXJhZGl1cyUzQSUyMDhweCUzQiUwQXBhZGRpbmclM0ElMjAzNnB4JTNCJTBBJTdEJTBBJTIzbWVkYWxlJTIwLmN1c3RvbS1rYWZlbGVrLW1lZGFsJTIwcCU3QiUwQWZvbnQtc2l6ZSUzQSUyMDIwcHglM0IlMEElN0QlMEElM0MlMkZzdHlsZSUzRQ==[\/vc_raw_html][\/vc_column][\/vc_row][\/vc_section]<\/p>\n<\/div>","protected":false},"excerpt":{"rendered":"<p>[vc_row row_height_percent=&#8221;0&#8243; overlay_alpha=&#8221;50&#8243; gutter_size=&#8221;3&#8243; column_width_percent=&#8221;100&#8243; shift_y=&#8221;0&#8243; z_index=&#8221;0&#8243; uncode_shortcode_id=&#8221;559790&#8243; row_name=&#8221;program&#8221;][vc_column width=&#8221;1\/1&#8243;][\/vc_column][\/vc_row][vc_section overlay_alpha=&#8221;50&#8243; uncode_shortcode_id=&#8221;221516&#8243; el_id=&#8221;medale&#8221; el_class=&#8221;konferencja&#8221;][vc_row row_height_percent=&#8221;0&#8243; overlay_alpha=&#8221;50&#8243; gutter_size=&#8221;3&#8243; column_width_percent=&#8221;100&#8243; shift_y=&#8221;0&#8243; z_index=&#8221;0&#8243; [&hellip;]<\/p>\n","protected":false},"author":9,"featured_media":0,"parent":0,"menu_order":0,"comment_status":"closed","ping_status":"closed","template":"","meta":{"footnotes":""},"class_list":["post-1071","page","type-page","status-publish","hentry"],"yoast_head":"<!-- This site is optimized with the Yoast SEO plugin v26.8 - https:\/\/yoast.com\/product\/yoast-seo-wordpress\/ -->\n<title>Conference 2025 - Valves&amp;Pumps<\/title>\n<meta name=\"robots\" content=\"noindex, follow\" \/>\n<meta property=\"og:locale\" content=\"en_US\" \/>\n<meta property=\"og:type\" content=\"article\" \/>\n<meta property=\"og:title\" content=\"Conference 2025 - Valves&amp;Pumps\" \/>\n<meta property=\"og:description\" content=\"[vc_row row_height_percent=&#8221;0&#8243; overlay_alpha=&#8221;50&#8243; gutter_size=&#8221;3&#8243; column_width_percent=&#8221;100&#8243; shift_y=&#8221;0&#8243; z_index=&#8221;0&#8243; uncode_shortcode_id=&#8221;559790&#8243; row_name=&#8221;program&#8221;][vc_column width=&#8221;1\/1&#8243;][\/vc_column][\/vc_row][vc_section overlay_alpha=&#8221;50&#8243; uncode_shortcode_id=&#8221;221516&#8243; el_id=&#8221;medale&#8221; el_class=&#8221;konferencja&#8221;][vc_row row_height_percent=&#8221;0&#8243; overlay_alpha=&#8221;50&#8243; gutter_size=&#8221;3&#8243; column_width_percent=&#8221;100&#8243; shift_y=&#8221;0&#8243; z_index=&#8221;0&#8243; [&hellip;]\" \/>\n<meta property=\"og:url\" content=\"https:\/\/valvespumpsexpo.com\/en\/conference-2025\/\" \/>\n<meta property=\"og:site_name\" content=\"Valves&amp;Pumps\" \/>\n<meta name=\"twitter:card\" content=\"summary_large_image\" \/>\n<script type=\"application\/ld+json\" class=\"yoast-schema-graph\">{\"@context\":\"https:\/\/schema.org\",\"@graph\":[{\"@type\":\"WebPage\",\"@id\":\"https:\/\/valvespumpsexpo.com\/en\/conference-2025\/\",\"url\":\"https:\/\/valvespumpsexpo.com\/en\/conference-2025\/\",\"name\":\"Conference 2025 - Valves&amp;Pumps\",\"isPartOf\":{\"@id\":\"https:\/\/valvespumpsexpo.com\/#website\"},\"datePublished\":\"2025-06-06T08:14:00+00:00\",\"breadcrumb\":{\"@id\":\"https:\/\/valvespumpsexpo.com\/en\/conference-2025\/#breadcrumb\"},\"inLanguage\":\"en-US\",\"potentialAction\":[{\"@type\":\"ReadAction\",\"target\":[\"https:\/\/valvespumpsexpo.com\/en\/conference-2025\/\"]}]},{\"@type\":\"BreadcrumbList\",\"@id\":\"https:\/\/valvespumpsexpo.com\/en\/conference-2025\/#breadcrumb\",\"itemListElement\":[{\"@type\":\"ListItem\",\"position\":1,\"name\":\"Strona g\u0142\u00f3wna\",\"item\":\"https:\/\/valvespumpsexpo.com\/en\/\"},{\"@type\":\"ListItem\",\"position\":2,\"name\":\"Conference 2025\"}]},{\"@type\":\"WebSite\",\"@id\":\"https:\/\/valvespumpsexpo.com\/#website\",\"url\":\"https:\/\/valvespumpsexpo.com\/\",\"name\":\"Valves&amp;Pumps\",\"description\":\"Trade fair for the industrial valves, pumps, valves and flow technology industry.\",\"potentialAction\":[{\"@type\":\"SearchAction\",\"target\":{\"@type\":\"EntryPoint\",\"urlTemplate\":\"https:\/\/valvespumpsexpo.com\/?s={search_term_string}\"},\"query-input\":{\"@type\":\"PropertyValueSpecification\",\"valueRequired\":true,\"valueName\":\"search_term_string\"}}],\"inLanguage\":\"en-US\"}]}<\/script>\n<!-- \/ Yoast SEO plugin. -->","yoast_head_json":{"title":"Conference 2025 - Valves&amp;Pumps","robots":{"index":"noindex","follow":"follow"},"og_locale":"en_US","og_type":"article","og_title":"Conference 2025 - Valves&amp;Pumps","og_description":"[vc_row row_height_percent=&#8221;0&#8243; overlay_alpha=&#8221;50&#8243; gutter_size=&#8221;3&#8243; column_width_percent=&#8221;100&#8243; shift_y=&#8221;0&#8243; z_index=&#8221;0&#8243; uncode_shortcode_id=&#8221;559790&#8243; row_name=&#8221;program&#8221;][vc_column width=&#8221;1\/1&#8243;][\/vc_column][\/vc_row][vc_section overlay_alpha=&#8221;50&#8243; uncode_shortcode_id=&#8221;221516&#8243; el_id=&#8221;medale&#8221; el_class=&#8221;konferencja&#8221;][vc_row row_height_percent=&#8221;0&#8243; overlay_alpha=&#8221;50&#8243; gutter_size=&#8221;3&#8243; column_width_percent=&#8221;100&#8243; shift_y=&#8221;0&#8243; z_index=&#8221;0&#8243; [&hellip;]","og_url":"https:\/\/valvespumpsexpo.com\/en\/conference-2025\/","og_site_name":"Valves&amp;Pumps","twitter_card":"summary_large_image","schema":{"@context":"https:\/\/schema.org","@graph":[{"@type":"WebPage","@id":"https:\/\/valvespumpsexpo.com\/en\/conference-2025\/","url":"https:\/\/valvespumpsexpo.com\/en\/conference-2025\/","name":"Conference 2025 - Valves&amp;Pumps","isPartOf":{"@id":"https:\/\/valvespumpsexpo.com\/#website"},"datePublished":"2025-06-06T08:14:00+00:00","breadcrumb":{"@id":"https:\/\/valvespumpsexpo.com\/en\/conference-2025\/#breadcrumb"},"inLanguage":"en-US","potentialAction":[{"@type":"ReadAction","target":["https:\/\/valvespumpsexpo.com\/en\/conference-2025\/"]}]},{"@type":"BreadcrumbList","@id":"https:\/\/valvespumpsexpo.com\/en\/conference-2025\/#breadcrumb","itemListElement":[{"@type":"ListItem","position":1,"name":"Strona g\u0142\u00f3wna","item":"https:\/\/valvespumpsexpo.com\/en\/"},{"@type":"ListItem","position":2,"name":"Conference 2025"}]},{"@type":"WebSite","@id":"https:\/\/valvespumpsexpo.com\/#website","url":"https:\/\/valvespumpsexpo.com\/","name":"Valves&amp;Pumps","description":"Trade fair for the industrial valves, pumps, valves and flow technology industry.","potentialAction":[{"@type":"SearchAction","target":{"@type":"EntryPoint","urlTemplate":"https:\/\/valvespumpsexpo.com\/?s={search_term_string}"},"query-input":{"@type":"PropertyValueSpecification","valueRequired":true,"valueName":"search_term_string"}}],"inLanguage":"en-US"}]}},"_links":{"self":[{"href":"https:\/\/valvespumpsexpo.com\/en\/wp-json\/wp\/v2\/pages\/1071","targetHints":{"allow":["GET"]}}],"collection":[{"href":"https:\/\/valvespumpsexpo.com\/en\/wp-json\/wp\/v2\/pages"}],"about":[{"href":"https:\/\/valvespumpsexpo.com\/en\/wp-json\/wp\/v2\/types\/page"}],"author":[{"embeddable":true,"href":"https:\/\/valvespumpsexpo.com\/en\/wp-json\/wp\/v2\/users\/9"}],"replies":[{"embeddable":true,"href":"https:\/\/valvespumpsexpo.com\/en\/wp-json\/wp\/v2\/comments?post=1071"}],"version-history":[{"count":1,"href":"https:\/\/valvespumpsexpo.com\/en\/wp-json\/wp\/v2\/pages\/1071\/revisions"}],"predecessor-version":[{"id":1072,"href":"https:\/\/valvespumpsexpo.com\/en\/wp-json\/wp\/v2\/pages\/1071\/revisions\/1072"}],"wp:attachment":[{"href":"https:\/\/valvespumpsexpo.com\/en\/wp-json\/wp\/v2\/media?parent=1071"}],"curies":[{"name":"wp","href":"https:\/\/api.w.org\/{rel}","templated":true}]}}